{"id":14086,"date":"2023-09-13T21:21:31","date_gmt":"2023-09-14T04:21:31","guid":{"rendered":"https:\/\/asbtaxservices.com\/politica-de-privacidad\/"},"modified":"2024-01-05T06:46:57","modified_gmt":"2024-01-05T14:46:57","slug":"politica-de-privacidad","status":"publish","type":"page","link":"https:\/\/asbtaxservices.com\/es\/politica-de-privacidad\/","title":{"rendered":"Pol\u00edtica de Privacidad"},"content":{"rendered":"<div class=\"wpb-content-wrapper\">[vc_row pix_particles_check=\u00bb\u00bb][vc_column]<div id=\"el1703978817677-72ced450-7a7e\" class=\"pix-el-text   w-100  \" ><p class=\"\"><h3><\/h3>\n<h3>Pol\u00edtica de Privacidad<\/h3>\n<p>&nbsp;<\/p>\n<p>En ASB Tax &amp; Accounting, estamos comprometidos a salvaguardar la privacidad de los visitantes de nuestro sitio web. Este documento de Pol\u00edtica de Privacidad describe c\u00f3mo recopilamos, utilizamos y protegemos cualquier informaci\u00f3n personal obtenida a trav\u00e9s de nuestro sitio web. <strong><a href=\"https:\/\/asbtaxservices.com\/es\/\">https:\/\/asbtaxservices.com\/<\/a><\/strong>.<\/p>\n<p>&nbsp;<\/p>\n<p><strong>Recopilaci\u00f3n y uso de Informaci\u00f3n<\/strong><\/p>\n<p>Podemos recopilar informaci\u00f3n personal, como nombres, direcciones de correo electr\u00f3nico, n\u00fameros de tel\u00e9fono y detalles de la empresa, enviada voluntariamente a trav\u00e9s de formularios de contacto, suscripciones a boletines u otras interacciones en nuestro sitio web. Esta informaci\u00f3n se utiliza \u00fanicamente con el fin de comunicarse, proporcionar servicios y mejorar la experiencia del usuario.<\/p>\n<p>&nbsp;<\/p>\n<p><strong>Archivos de Registro<\/strong><\/p>\n<p>ASB Tax &amp; Accounting sigue un procedimiento est\u00e1ndar de uso de archivos de registro. Estos archivos registran a los visitantes cuando visitan sitios web. La informaci\u00f3n recopilada incluye direcciones de protocolo de Internet (IP), tipo de navegador, proveedor de servicios de Internet (ISP), marca de fecha y hora, p\u00e1ginas de referencia\/salida y posiblemente la cantidad de clics. Estos datos no est\u00e1n vinculados a ninguna informaci\u00f3n que sea de identificaci\u00f3n personal.<\/p>\n<p>&nbsp;<\/p>\n<div id=\"translation\">\n<div class=\"gtx-body\"><strong>Cookies y Balizas Web<\/strong><\/div>\n<\/div>\n<p>Nuestro sitio web puede utilizar cookies para almacenar informaci\u00f3n sobre las preferencias de los visitantes, para registrar informaci\u00f3n espec\u00edfica del usuario en qu\u00e9 p\u00e1ginas accede o visita, y para personalizar el contenido de nuestra p\u00e1gina web seg\u00fan el tipo de navegador de los visitantes u otra informaci\u00f3n.<\/p>\n<p>&nbsp;<\/p>\n<p><strong>Pol\u00edticas de privacidad de terceros<\/strong><\/p>\n<p>La Pol\u00edtica de Privacidad de ASB Tax &amp; Accounting no se aplica a otros anunciantes o sitios web. Por ello, le recomendamos consultar las respectivas Pol\u00edticas de Privacidad de los servidores de publicidad de terceros para obtener informaci\u00f3n m\u00e1s detallada. Puede incluir sus pr\u00e1cticas e instrucciones sobre c\u00f3mo darse de baja de ciertas opciones.<\/p>\n<p>&nbsp;<\/p>\n<p><strong>Consentir<\/strong><\/p>\n<p>Al utilizar nuestro sitio web, por la presente usted acepta nuestra Pol\u00edtica de privacidad y acepta sus t\u00e9rminos.<\/p>\n<p>&nbsp;<\/p>\n<p><strong>Actualizaciones<\/strong><\/p>\n<p>Esta Pol\u00edtica de Privacidad fue actualizada por \u00faltima vez el [Date]. Nos reservamos el derecho de actualizar, modificar o cambiar nuestra Pol\u00edtica de Privacidad en cualquier momento, y cualquier cambio entrar\u00e1 en vigor inmediatamente despu\u00e9s de la publicaci\u00f3n de la Pol\u00edtica de Privacidad revisada.<\/p>\n<p>&nbsp;<\/p>\n<p><strong>Contacto<\/strong><\/p>\n<p>Si tiene preguntas adicionales o necesita m\u00e1s informaci\u00f3n sobre nuestra Pol\u00edtica de Privacidad, cont\u00e1ctenos por correo electr\u00f3nico a <strong>info@asbtaxservices.com<\/strong>.<\/p>\n<\/p><\/div>[vc_empty_space height=\u00bb82px\u00bb][\/vc_column][\/vc_row]<\/div>","protected":false},"excerpt":{"rendered":"[vc_row pix_particles_check=\u00bb\u00bb][vc_column][vc_empty_space height=\u00bb82px\u00bb][\/vc_column][\/vc_row]","protected":false},"author":1,"featured_media":0,"parent":0,"menu_order":0,"comment_status":"closed","ping_status":"closed","template":"","meta":{"footnotes":""},"class_list":["post-14086","page","type-page","status-publish","hentry"],"yoast_head":"<!-- This site is optimized with the Yoast SEO plugin v27.2 - https:\/\/yoast.com\/product\/yoast-seo-wordpress\/ -->\n<title>Pol\u00edtica de Privacidad - ASB Tax and Accounting<\/title>\n<meta name=\"description\" content=\"Descubra la historia detr\u00e1s de ASB Tax &amp; Accounting, un socio financiero confiable en Oxnard. Conozca nuestro compromiso con la excelencia, la integridad y las soluciones financieras personalizadas para empresas.\" \/>\n<meta name=\"robots\" content=\"index, follow, max-snippet:-1, max-image-preview:large, max-video-preview:-1\" \/>\n<link rel=\"canonical\" href=\"https:\/\/asbtaxservices.com\/es\/politica-de-privacidad\/\" \/>\n<meta property=\"og:locale\" content=\"es_ES\" \/>\n<meta property=\"og:type\" content=\"article\" \/>\n<meta property=\"og:title\" content=\"Pol\u00edtica de Privacidad - ASB Tax and Accounting\" \/>\n<meta property=\"og:description\" content=\"Descubra la historia detr\u00e1s de ASB Tax &amp; Accounting, un socio financiero confiable en Oxnard. Conozca nuestro compromiso con la excelencia, la integridad y las soluciones financieras personalizadas para empresas.\" \/>\n<meta property=\"og:url\" content=\"https:\/\/asbtaxservices.com\/es\/politica-de-privacidad\/\" \/>\n<meta property=\"og:site_name\" content=\"ASB Tax and Accounting\" \/>\n<meta property=\"article:modified_time\" content=\"2024-01-05T14:46:57+00:00\" \/>\n<meta name=\"twitter:card\" content=\"summary_large_image\" \/>\n<meta name=\"twitter:label1\" content=\"Tiempo de lectura\" \/>\n\t<meta name=\"twitter:data1\" content=\"2 minutos\" \/>\n<script type=\"application\/ld+json\" class=\"yoast-schema-graph\">{\"@context\":\"https:\/\/schema.org\",\"@graph\":[{\"@type\":\"WebPage\",\"@id\":\"https:\/\/asbtaxservices.com\/es\/politica-de-privacidad\/\",\"url\":\"https:\/\/asbtaxservices.com\/es\/politica-de-privacidad\/\",\"name\":\"Pol\u00edtica de Privacidad - ASB Tax and Accounting\",\"isPartOf\":{\"@id\":\"https:\/\/asbtaxservices.com\/es\/#website\"},\"datePublished\":\"2023-09-14T04:21:31+00:00\",\"dateModified\":\"2024-01-05T14:46:57+00:00\",\"description\":\"Descubra la historia detr\u00e1s de ASB Tax & Accounting, un socio financiero confiable en Oxnard. Conozca nuestro compromiso con la excelencia, la integridad y las soluciones financieras personalizadas para empresas.\",\"breadcrumb\":{\"@id\":\"https:\/\/asbtaxservices.com\/es\/politica-de-privacidad\/#breadcrumb\"},\"inLanguage\":\"es\",\"potentialAction\":[{\"@type\":\"ReadAction\",\"target\":[\"https:\/\/asbtaxservices.com\/es\/politica-de-privacidad\/\"]}]},{\"@type\":\"BreadcrumbList\",\"@id\":\"https:\/\/asbtaxservices.com\/es\/politica-de-privacidad\/#breadcrumb\",\"itemListElement\":[{\"@type\":\"ListItem\",\"position\":1,\"name\":\"Home\",\"item\":\"https:\/\/asbtaxservices.com\/es\/home\/\"},{\"@type\":\"ListItem\",\"position\":2,\"name\":\"Pol\u00edtica de Privacidad\"}]},{\"@type\":\"WebSite\",\"@id\":\"https:\/\/asbtaxservices.com\/es\/#website\",\"url\":\"https:\/\/asbtaxservices.com\/es\/\",\"name\":\"ASB Tax and Accounting\",\"description\":\"Your Trusted Partner for Accounting, Tax and Financial Success in Ventura County.\",\"publisher\":{\"@id\":\"https:\/\/asbtaxservices.com\/es\/#organization\"},\"potentialAction\":[{\"@type\":\"SearchAction\",\"target\":{\"@type\":\"EntryPoint\",\"urlTemplate\":\"https:\/\/asbtaxservices.com\/es\/?s={search_term_string}\"},\"query-input\":{\"@type\":\"PropertyValueSpecification\",\"valueRequired\":true,\"valueName\":\"search_term_string\"}}],\"inLanguage\":\"es\"},{\"@type\":\"Organization\",\"@id\":\"https:\/\/asbtaxservices.com\/es\/#organization\",\"name\":\"ASB Tax and Accounting\",\"url\":\"https:\/\/asbtaxservices.com\/es\/\",\"logo\":{\"@type\":\"ImageObject\",\"inLanguage\":\"es\",\"@id\":\"https:\/\/asbtaxservices.com\/es\/#\/schema\/logo\/image\/\",\"url\":\"https:\/\/asbtaxservices.com\/wp-content\/uploads\/2023\/10\/ASB-Tax-and-Accounting-Logo.png\",\"contentUrl\":\"https:\/\/asbtaxservices.com\/wp-content\/uploads\/2023\/10\/ASB-Tax-and-Accounting-Logo.png\",\"width\":1200,\"height\":575,\"caption\":\"ASB Tax and Accounting\"},\"image\":{\"@id\":\"https:\/\/asbtaxservices.com\/es\/#\/schema\/logo\/image\/\"}}]}<\/script>\n<!-- \/ Yoast SEO plugin. -->","yoast_head_json":{"title":"Pol\u00edtica de Privacidad - ASB Tax and Accounting","description":"Descubra la historia detr\u00e1s de ASB Tax & Accounting, un socio financiero confiable en Oxnard. Conozca nuestro compromiso con la excelencia, la integridad y las soluciones financieras personalizadas para empresas.","robots":{"index":"index","follow":"follow","max-snippet":"max-snippet:-1","max-image-preview":"max-image-preview:large","max-video-preview":"max-video-preview:-1"},"canonical":"https:\/\/asbtaxservices.com\/es\/politica-de-privacidad\/","og_locale":"es_ES","og_type":"article","og_title":"Pol\u00edtica de Privacidad - ASB Tax and Accounting","og_description":"Descubra la historia detr\u00e1s de ASB Tax & Accounting, un socio financiero confiable en Oxnard. Conozca nuestro compromiso con la excelencia, la integridad y las soluciones financieras personalizadas para empresas.","og_url":"https:\/\/asbtaxservices.com\/es\/politica-de-privacidad\/","og_site_name":"ASB Tax and Accounting","article_modified_time":"2024-01-05T14:46:57+00:00","twitter_card":"summary_large_image","twitter_misc":{"Tiempo de lectura":"2 minutos"},"schema":{"@context":"https:\/\/schema.org","@graph":[{"@type":"WebPage","@id":"https:\/\/asbtaxservices.com\/es\/politica-de-privacidad\/","url":"https:\/\/asbtaxservices.com\/es\/politica-de-privacidad\/","name":"Pol\u00edtica de Privacidad - ASB Tax and Accounting","isPartOf":{"@id":"https:\/\/asbtaxservices.com\/es\/#website"},"datePublished":"2023-09-14T04:21:31+00:00","dateModified":"2024-01-05T14:46:57+00:00","description":"Descubra la historia detr\u00e1s de ASB Tax & Accounting, un socio financiero confiable en Oxnard. Conozca nuestro compromiso con la excelencia, la integridad y las soluciones financieras personalizadas para empresas.","breadcrumb":{"@id":"https:\/\/asbtaxservices.com\/es\/politica-de-privacidad\/#breadcrumb"},"inLanguage":"es","potentialAction":[{"@type":"ReadAction","target":["https:\/\/asbtaxservices.com\/es\/politica-de-privacidad\/"]}]},{"@type":"BreadcrumbList","@id":"https:\/\/asbtaxservices.com\/es\/politica-de-privacidad\/#breadcrumb","itemListElement":[{"@type":"ListItem","position":1,"name":"Home","item":"https:\/\/asbtaxservices.com\/es\/home\/"},{"@type":"ListItem","position":2,"name":"Pol\u00edtica de Privacidad"}]},{"@type":"WebSite","@id":"https:\/\/asbtaxservices.com\/es\/#website","url":"https:\/\/asbtaxservices.com\/es\/","name":"ASB Tax and Accounting","description":"Your Trusted Partner for Accounting, Tax and Financial Success in Ventura County.","publisher":{"@id":"https:\/\/asbtaxservices.com\/es\/#organization"},"potentialAction":[{"@type":"SearchAction","target":{"@type":"EntryPoint","urlTemplate":"https:\/\/asbtaxservices.com\/es\/?s={search_term_string}"},"query-input":{"@type":"PropertyValueSpecification","valueRequired":true,"valueName":"search_term_string"}}],"inLanguage":"es"},{"@type":"Organization","@id":"https:\/\/asbtaxservices.com\/es\/#organization","name":"ASB Tax and Accounting","url":"https:\/\/asbtaxservices.com\/es\/","logo":{"@type":"ImageObject","inLanguage":"es","@id":"https:\/\/asbtaxservices.com\/es\/#\/schema\/logo\/image\/","url":"https:\/\/asbtaxservices.com\/wp-content\/uploads\/2023\/10\/ASB-Tax-and-Accounting-Logo.png","contentUrl":"https:\/\/asbtaxservices.com\/wp-content\/uploads\/2023\/10\/ASB-Tax-and-Accounting-Logo.png","width":1200,"height":575,"caption":"ASB Tax and Accounting"},"image":{"@id":"https:\/\/asbtaxservices.com\/es\/#\/schema\/logo\/image\/"}}]}},"_links":{"self":[{"href":"https:\/\/asbtaxservices.com\/es\/wp-json\/wp\/v2\/pages\/14086","targetHints":{"allow":["GET"]}}],"collection":[{"href":"https:\/\/asbtaxservices.com\/es\/wp-json\/wp\/v2\/pages"}],"about":[{"href":"https:\/\/asbtaxservices.com\/es\/wp-json\/wp\/v2\/types\/page"}],"author":[{"embeddable":true,"href":"https:\/\/asbtaxservices.com\/es\/wp-json\/wp\/v2\/users\/1"}],"replies":[{"embeddable":true,"href":"https:\/\/asbtaxservices.com\/es\/wp-json\/wp\/v2\/comments?post=14086"}],"version-history":[{"count":5,"href":"https:\/\/asbtaxservices.com\/es\/wp-json\/wp\/v2\/pages\/14086\/revisions"}],"predecessor-version":[{"id":14091,"href":"https:\/\/asbtaxservices.com\/es\/wp-json\/wp\/v2\/pages\/14086\/revisions\/14091"}],"wp:attachment":[{"href":"https:\/\/asbtaxservices.com\/es\/wp-json\/wp\/v2\/media?parent=14086"}],"curies":[{"name":"wp","href":"https:\/\/api.w.org\/{rel}","templated":true}]}}