{"id":14109,"date":"2020-05-11T00:33:51","date_gmt":"2020-05-11T07:33:51","guid":{"rendered":"https:\/\/asbtaxservices.com\/terminos-de-servicio\/"},"modified":"2024-01-04T09:07:43","modified_gmt":"2024-01-04T17:07:43","slug":"terminos-de-servicio","status":"publish","type":"page","link":"https:\/\/asbtaxservices.com\/es\/terminos-de-servicio\/","title":{"rendered":"T\u00e9rminos de servicio"},"content":{"rendered":"<div class=\"wpb-content-wrapper\"><p>[vc_row full_width=\u00bbstretch_row\u00bb pix_particles_check=\u00bb\u00bb css=\u00bb.vc_custom_1593126126576{padding-top: 80px !important;padding-bottom: 80px !important;}\u00bb][vc_column offset=\u00bbvc_col-md-offset-2 vc_col-md-8&#8243;][vc_column_text]<\/p>\n<h3>Terminos de Servicio<\/h3>\n<p>&nbsp;<\/p>\n<p>Estos T\u00e9rminos de servicio (\u00abT\u00e9rminos\u00bb) rigen el uso de nuestro sitio web. <strong><a href=\"https:\/\/asbtaxservices.com\/es\/\">www.asbtaxservices.com<\/a><\/strong> y cualquier servicio ofrecido por ASB Tax &amp; Accounting.<\/p>\n<p>&nbsp;<\/p>\n<p><strong>Acuerdo de t\u00e9rminos<\/strong><\/p>\n<p>Al acceder o utilizar nuestro sitio web, usted acepta cumplir con estos T\u00e9rminos. Si no est\u00e1 de acuerdo con alguna parte de los T\u00e9rminos, abst\u00e9ngase de utilizar nuestro sitio web.<\/p>\n<p><strong>Propiedad intelectual<\/strong><\/p>\n<p>El contenido de este sitio web, incluidos textos, gr\u00e1ficos, logotipos, im\u00e1genes y software, es propiedad de ASB Tax &amp; Accounting y est\u00e1 protegido por las leyes de propiedad intelectual. No puede reproducir, distribuir ni explotar el contenido sin permiso expl\u00edcito.<\/p>\n<p><strong>Enlaces externos<\/strong><\/p>\n<p>Nuestro sitio web puede contener enlaces a sitios web o servicios de terceros que no son propiedad ni est\u00e1n controlados por ASB Tax &amp; Accounting. No tenemos control ni asumimos ninguna responsabilidad por el contenido, las pol\u00edticas de privacidad o las pr\u00e1cticas de sitios web o servicios de terceros.<\/p>\n<p><strong>Limitaci\u00f3n de responsabilidad<\/strong><\/p>\n<p>ASB Tax &amp; Accounting, sus directores, empleados, agentes o afiliados no ser\u00e1n responsables de ning\u00fan da\u00f1o indirecto, incidental, especial, consecuente o punitivo que surja de su uso o imposibilidad de utilizar nuestro sitio web o servicios.<\/p>\n<p><strong>Precisi\u00f3n de la informaci\u00f3n<\/strong><\/p>\n<p>Nos esforzamos por proporcionar informaci\u00f3n precisa y actualizada en nuestro sitio web. Sin embargo, no garantizamos la integridad, confiabilidad o exactitud del contenido. Cualquier confianza en la informaci\u00f3n proporcionada en este sitio web es bajo su propio riesgo.<\/p>\n<p><strong>Ley que rige<\/strong><\/p>\n<p>Estos T\u00e9rminos se regir\u00e1n e interpretar\u00e1n de conformidad con las leyes de los Estados Unidos de Am\u00e9rica, sin tener en cuenta sus disposiciones sobre conflicto de leyes.<\/p>\n<p><strong>Cambios<\/strong><\/p>\n<p>Nos reservamos el derecho de modificar o reemplazar estos T\u00e9rminos en cualquier momento. Su uso continuado del sitio web despu\u00e9s de cualquier cambio indica su aceptaci\u00f3n de dichos cambios.<\/p>\n<p><strong>Contacto<\/strong><\/p>\n<p>Si tiene alguna pregunta sobre estos T\u00e9rminos, cont\u00e1ctenos en <strong>info@asbtaxservices.com<\/strong>.<\/p>\n<p>&nbsp;[\/vc_column_text][\/vc_column][\/vc_row]<\/p>\n<\/div>","protected":false},"excerpt":{"rendered":"[vc_row full_width=\u00bbstretch_row\u00bb pix_particles_check=\u00bb\u00bb css=\u00bb.vc_custom_1593126126576{padding-top: 80px !important;padding-bottom: 80px !important;}\u00bb][vc_column offset=\u00bbvc_col-md-offset-2 vc_col-md-8&#8243;][vc_column_text] Terminos de Servicio &nbsp; Estos T\u00e9rminos de servicio (\u00abT\u00e9rminos\u00bb) rigen el uso de nuestro sitio web. www.asbtaxservices.com y cualquier servicio ofrecido por ASB Tax &amp; Accounting. &nbsp; Acuerdo de t\u00e9rminos&#8230;","protected":false},"author":1,"featured_media":0,"parent":0,"menu_order":0,"comment_status":"closed","ping_status":"closed","template":"","meta":{"footnotes":""},"class_list":["post-14109","page","type-page","status-publish","hentry"],"yoast_head":"<!-- This site is optimized with the Yoast SEO plugin v27.2 - https:\/\/yoast.com\/product\/yoast-seo-wordpress\/ -->\n<title>T\u00e9rminos de servicio - ASB Tax and Accounting<\/title>\n<meta name=\"description\" content=\"Los T\u00e9rminos de servicio de ASB Tax &amp; Accounting rigen el uso de nuestros servicios. Revise nuestras pol\u00edticas y pautas para el uso responsable de nuestro sitio web.\" \/>\n<meta name=\"robots\" content=\"index, follow, max-snippet:-1, max-image-preview:large, max-video-preview:-1\" \/>\n<link rel=\"canonical\" href=\"https:\/\/asbtaxservices.com\/es\/terminos-de-servicio\/\" \/>\n<meta property=\"og:locale\" content=\"es_ES\" \/>\n<meta property=\"og:type\" content=\"article\" \/>\n<meta property=\"og:title\" content=\"T\u00e9rminos de servicio - ASB Tax and Accounting\" \/>\n<meta property=\"og:description\" content=\"Los T\u00e9rminos de servicio de ASB Tax &amp; Accounting rigen el uso de nuestros servicios. Revise nuestras pol\u00edticas y pautas para el uso responsable de nuestro sitio web.\" \/>\n<meta property=\"og:url\" content=\"https:\/\/asbtaxservices.com\/es\/terminos-de-servicio\/\" \/>\n<meta property=\"og:site_name\" content=\"ASB Tax and Accounting\" \/>\n<meta property=\"article:modified_time\" content=\"2024-01-04T17:07:43+00:00\" \/>\n<meta name=\"twitter:card\" content=\"summary_large_image\" \/>\n<meta name=\"twitter:label1\" content=\"Tiempo de lectura\" \/>\n\t<meta name=\"twitter:data1\" content=\"2 minutos\" \/>\n<script type=\"application\/ld+json\" class=\"yoast-schema-graph\">{\"@context\":\"https:\/\/schema.org\",\"@graph\":[{\"@type\":\"WebPage\",\"@id\":\"https:\/\/asbtaxservices.com\/es\/terminos-de-servicio\/\",\"url\":\"https:\/\/asbtaxservices.com\/es\/terminos-de-servicio\/\",\"name\":\"T\u00e9rminos de servicio - ASB Tax and Accounting\",\"isPartOf\":{\"@id\":\"https:\/\/asbtaxservices.com\/es\/#website\"},\"datePublished\":\"2020-05-11T07:33:51+00:00\",\"dateModified\":\"2024-01-04T17:07:43+00:00\",\"description\":\"Los T\u00e9rminos de servicio de ASB Tax & Accounting rigen el uso de nuestros servicios. Revise nuestras pol\u00edticas y pautas para el uso responsable de nuestro sitio web.\",\"breadcrumb\":{\"@id\":\"https:\/\/asbtaxservices.com\/es\/terminos-de-servicio\/#breadcrumb\"},\"inLanguage\":\"es\",\"potentialAction\":[{\"@type\":\"ReadAction\",\"target\":[\"https:\/\/asbtaxservices.com\/es\/terminos-de-servicio\/\"]}]},{\"@type\":\"BreadcrumbList\",\"@id\":\"https:\/\/asbtaxservices.com\/es\/terminos-de-servicio\/#breadcrumb\",\"itemListElement\":[{\"@type\":\"ListItem\",\"position\":1,\"name\":\"Home\",\"item\":\"https:\/\/asbtaxservices.com\/es\/home\/\"},{\"@type\":\"ListItem\",\"position\":2,\"name\":\"T\u00e9rminos de servicio\"}]},{\"@type\":\"WebSite\",\"@id\":\"https:\/\/asbtaxservices.com\/es\/#website\",\"url\":\"https:\/\/asbtaxservices.com\/es\/\",\"name\":\"ASB Tax and Accounting\",\"description\":\"Your Trusted Partner for Accounting, Tax and Financial Success in Ventura County.\",\"publisher\":{\"@id\":\"https:\/\/asbtaxservices.com\/es\/#organization\"},\"potentialAction\":[{\"@type\":\"SearchAction\",\"target\":{\"@type\":\"EntryPoint\",\"urlTemplate\":\"https:\/\/asbtaxservices.com\/es\/?s={search_term_string}\"},\"query-input\":{\"@type\":\"PropertyValueSpecification\",\"valueRequired\":true,\"valueName\":\"search_term_string\"}}],\"inLanguage\":\"es\"},{\"@type\":\"Organization\",\"@id\":\"https:\/\/asbtaxservices.com\/es\/#organization\",\"name\":\"ASB Tax and Accounting\",\"url\":\"https:\/\/asbtaxservices.com\/es\/\",\"logo\":{\"@type\":\"ImageObject\",\"inLanguage\":\"es\",\"@id\":\"https:\/\/asbtaxservices.com\/es\/#\/schema\/logo\/image\/\",\"url\":\"https:\/\/asbtaxservices.com\/wp-content\/uploads\/2023\/10\/ASB-Tax-and-Accounting-Logo.png\",\"contentUrl\":\"https:\/\/asbtaxservices.com\/wp-content\/uploads\/2023\/10\/ASB-Tax-and-Accounting-Logo.png\",\"width\":1200,\"height\":575,\"caption\":\"ASB Tax and Accounting\"},\"image\":{\"@id\":\"https:\/\/asbtaxservices.com\/es\/#\/schema\/logo\/image\/\"}}]}<\/script>\n<!-- \/ Yoast SEO plugin. -->","yoast_head_json":{"title":"T\u00e9rminos de servicio - ASB Tax and Accounting","description":"Los T\u00e9rminos de servicio de ASB Tax & Accounting rigen el uso de nuestros servicios. Revise nuestras pol\u00edticas y pautas para el uso responsable de nuestro sitio web.","robots":{"index":"index","follow":"follow","max-snippet":"max-snippet:-1","max-image-preview":"max-image-preview:large","max-video-preview":"max-video-preview:-1"},"canonical":"https:\/\/asbtaxservices.com\/es\/terminos-de-servicio\/","og_locale":"es_ES","og_type":"article","og_title":"T\u00e9rminos de servicio - ASB Tax and Accounting","og_description":"Los T\u00e9rminos de servicio de ASB Tax & Accounting rigen el uso de nuestros servicios. Revise nuestras pol\u00edticas y pautas para el uso responsable de nuestro sitio web.","og_url":"https:\/\/asbtaxservices.com\/es\/terminos-de-servicio\/","og_site_name":"ASB Tax and Accounting","article_modified_time":"2024-01-04T17:07:43+00:00","twitter_card":"summary_large_image","twitter_misc":{"Tiempo de lectura":"2 minutos"},"schema":{"@context":"https:\/\/schema.org","@graph":[{"@type":"WebPage","@id":"https:\/\/asbtaxservices.com\/es\/terminos-de-servicio\/","url":"https:\/\/asbtaxservices.com\/es\/terminos-de-servicio\/","name":"T\u00e9rminos de servicio - ASB Tax and Accounting","isPartOf":{"@id":"https:\/\/asbtaxservices.com\/es\/#website"},"datePublished":"2020-05-11T07:33:51+00:00","dateModified":"2024-01-04T17:07:43+00:00","description":"Los T\u00e9rminos de servicio de ASB Tax & Accounting rigen el uso de nuestros servicios. Revise nuestras pol\u00edticas y pautas para el uso responsable de nuestro sitio web.","breadcrumb":{"@id":"https:\/\/asbtaxservices.com\/es\/terminos-de-servicio\/#breadcrumb"},"inLanguage":"es","potentialAction":[{"@type":"ReadAction","target":["https:\/\/asbtaxservices.com\/es\/terminos-de-servicio\/"]}]},{"@type":"BreadcrumbList","@id":"https:\/\/asbtaxservices.com\/es\/terminos-de-servicio\/#breadcrumb","itemListElement":[{"@type":"ListItem","position":1,"name":"Home","item":"https:\/\/asbtaxservices.com\/es\/home\/"},{"@type":"ListItem","position":2,"name":"T\u00e9rminos de servicio"}]},{"@type":"WebSite","@id":"https:\/\/asbtaxservices.com\/es\/#website","url":"https:\/\/asbtaxservices.com\/es\/","name":"ASB Tax and Accounting","description":"Your Trusted Partner for Accounting, Tax and Financial Success in Ventura County.","publisher":{"@id":"https:\/\/asbtaxservices.com\/es\/#organization"},"potentialAction":[{"@type":"SearchAction","target":{"@type":"EntryPoint","urlTemplate":"https:\/\/asbtaxservices.com\/es\/?s={search_term_string}"},"query-input":{"@type":"PropertyValueSpecification","valueRequired":true,"valueName":"search_term_string"}}],"inLanguage":"es"},{"@type":"Organization","@id":"https:\/\/asbtaxservices.com\/es\/#organization","name":"ASB Tax and Accounting","url":"https:\/\/asbtaxservices.com\/es\/","logo":{"@type":"ImageObject","inLanguage":"es","@id":"https:\/\/asbtaxservices.com\/es\/#\/schema\/logo\/image\/","url":"https:\/\/asbtaxservices.com\/wp-content\/uploads\/2023\/10\/ASB-Tax-and-Accounting-Logo.png","contentUrl":"https:\/\/asbtaxservices.com\/wp-content\/uploads\/2023\/10\/ASB-Tax-and-Accounting-Logo.png","width":1200,"height":575,"caption":"ASB Tax and Accounting"},"image":{"@id":"https:\/\/asbtaxservices.com\/es\/#\/schema\/logo\/image\/"}}]}},"_links":{"self":[{"href":"https:\/\/asbtaxservices.com\/es\/wp-json\/wp\/v2\/pages\/14109","targetHints":{"allow":["GET"]}}],"collection":[{"href":"https:\/\/asbtaxservices.com\/es\/wp-json\/wp\/v2\/pages"}],"about":[{"href":"https:\/\/asbtaxservices.com\/es\/wp-json\/wp\/v2\/types\/page"}],"author":[{"embeddable":true,"href":"https:\/\/asbtaxservices.com\/es\/wp-json\/wp\/v2\/users\/1"}],"replies":[{"embeddable":true,"href":"https:\/\/asbtaxservices.com\/es\/wp-json\/wp\/v2\/comments?post=14109"}],"version-history":[{"count":3,"href":"https:\/\/asbtaxservices.com\/es\/wp-json\/wp\/v2\/pages\/14109\/revisions"}],"predecessor-version":[{"id":14112,"href":"https:\/\/asbtaxservices.com\/es\/wp-json\/wp\/v2\/pages\/14109\/revisions\/14112"}],"wp:attachment":[{"href":"https:\/\/asbtaxservices.com\/es\/wp-json\/wp\/v2\/media?parent=14109"}],"curies":[{"name":"wp","href":"https:\/\/api.w.org\/{rel}","templated":true}]}}